{"id":142,"date":"2025-04-07T16:36:39","date_gmt":"2025-04-07T16:36:39","guid":{"rendered":"https:\/\/alum.leandrosouza.me\/?page_id=142"},"modified":"2025-08-13T14:58:02","modified_gmt":"2025-08-13T14:58:02","slug":"instituicoes-parceiras","status":"publish","type":"page","link":"https:\/\/alumniin.com\/inicio\/instituicoes-parceiras\/","title":{"rendered":"Institui\u00e7\u00f5es Parceiras"},"content":{"rendered":"\t\t<div data-elementor-type=\"wp-page\" data-elementor-id=\"142\" class=\"elementor elementor-142\" data-elementor-post-type=\"page\">\n\t\t\t\t\t\t<section class=\"elementor-section elementor-top-section elementor-element elementor-element-75a4ff9 elementor-section-boxed elementor-section-height-default elementor-section-height-default\" data-id=\"75a4ff9\" data-element_type=\"section\" data-e-type=\"section\">\n\t\t\t\t\t\t<div class=\"elementor-container elementor-column-gap-default\">\n\t\t\t\t\t<div class=\"elementor-column elementor-col-100 elementor-top-column elementor-element elementor-element-1f7b34d\" data-id=\"1f7b34d\" data-element_type=\"column\" data-e-type=\"column\" data-settings=\"{&quot;animation&quot;:&quot;none&quot;}\">\n\t\t\t<div class=\"elementor-widget-wrap elementor-element-populated\">\n\t\t\t\t\t\t<div class=\"elementor-element elementor-element-b985aba elementor-widget elementor-widget-elementskit-heading\" data-id=\"b985aba\" data-element_type=\"widget\" data-e-type=\"widget\" data-settings=\"{&quot;_animation&quot;:&quot;none&quot;}\" data-widget_type=\"elementskit-heading.default\">\n\t\t\t\t\t<div class=\"ekit-wid-con\" ><div class=\"ekit-heading elementskit-section-title-wraper text_center   ekit_heading_tablet-   ekit_heading_mobile-\"><h4 class=\"elementskit-section-subtitle  elementskit-style-border\">\n\t\t\t\t\t\tEstenda conosco uma parceria\n\t\t\t\t\t<\/h4><h2 class=\"ekit-heading--title elementskit-section-title \">INSTITUI\u00c7\u00d5ES <span><span>PARCEIRAS<\/span><\/span><\/h2>\t\t\t\t<div class='ekit-heading__description'>\n\t\t\t\t\t<p>\u00a0<\/p>\n<p>Conhe\u00e7a as institui\u00e7\u00f5es parceiras, que fazem parte deste grande ecossistema em favor da educa\u00e7\u00e3o e profissionaliza\u00e7\u00e3o no Brasil e no mundo.<\/p>\n\t\t\t\t<\/div>\n\t\t\t<\/div><\/div>\t\t\t\t<\/div>\n\t\t\t\t<div class=\"elementor-element elementor-element-5618a6a elementor-widget elementor-widget-text-editor\" data-id=\"5618a6a\" data-element_type=\"widget\" data-e-type=\"widget\" data-widget_type=\"text-editor.default\">\n\t\t\t\t\t\t\t\t\t<blockquote><p><span style=\"font-weight: 400;\">A Editora Alumni IN orgulha-se de manter parcerias estrat\u00e9gicas com institui\u00e7\u00f5es de ensino, centros de pesquisa, tribunais, institutos, empresas e academias que compartilham o compromisso com a excel\u00eancia acad\u00eamica, a ci\u00eancia aberta e o impacto social.<\/span><\/p><p><span style=\"font-weight: 400;\">Essas institui\u00e7\u00f5es colaboram conosco em projetos editoriais, eventos cient\u00edficos, forma\u00e7\u00e3o continuada, desenvolvimento tecnol\u00f3gico, e promo\u00e7\u00e3o de boas pr\u00e1ticas em educa\u00e7\u00e3o, pesquisa, inova\u00e7\u00e3o e intelig\u00eancia artificial.<\/span><\/p><\/blockquote>\t\t\t\t\t\t\t\t<\/div>\n\t\t\t\t\t<\/div>\n\t\t<\/div>\n\t\t\t\t\t<\/div>\n\t\t<\/section>\n\t\t<div class=\"elementor-element elementor-element-1410f91 e-flex e-con-boxed e-con e-parent\" data-id=\"1410f91\" data-element_type=\"container\" data-e-type=\"container\">\n\t\t\t\t\t<div class=\"e-con-inner\">\n\t\t<div class=\"elementor-element elementor-element-b537db0 e-con-full e-flex e-con e-child\" data-id=\"b537db0\" data-element_type=\"container\" data-e-type=\"container\">\n\t\t\t\t<div class=\"elementor-element elementor-element-a0d7e38 elementor-widget elementor-widget-image\" data-id=\"a0d7e38\" data-element_type=\"widget\" data-e-type=\"widget\" data-widget_type=\"image.default\">\n\t\t\t\t\t\t\t\t\t\t\t\t\t\t\t<img fetchpriority=\"high\" decoding=\"async\" width=\"500\" height=\"500\" src=\"https:\/\/alumniin.com\/wp-content\/uploads\/2025\/04\/portrait-of-businessman-2021-04-20-22-09-30-utc-copy.jpg\" class=\"attachment-large size-large wp-image-60\" alt=\"\" srcset=\"https:\/\/alumniin.com\/wp-content\/uploads\/2025\/04\/portrait-of-businessman-2021-04-20-22-09-30-utc-copy.jpg 500w, https:\/\/alumniin.com\/wp-content\/uploads\/2025\/04\/portrait-of-businessman-2021-04-20-22-09-30-utc-copy-300x300.jpg 300w, https:\/\/alumniin.com\/wp-content\/uploads\/2025\/04\/portrait-of-businessman-2021-04-20-22-09-30-utc-copy-150x150.jpg 150w\" sizes=\"(max-width: 500px) 100vw, 500px\" \/>\t\t\t\t\t\t\t\t\t\t\t\t\t\t\t<\/div>\n\t\t\t\t<div class=\"elementor-element elementor-element-f4ff2e2 elementor-widget elementor-widget-image\" data-id=\"f4ff2e2\" data-element_type=\"widget\" data-e-type=\"widget\" data-widget_type=\"image.default\">\n\t\t\t\t\t\t\t\t\t\t\t\t\t\t\t<img decoding=\"async\" width=\"443\" height=\"297\" src=\"https:\/\/alumniin.com\/wp-content\/uploads\/2025\/07\/Florida.jpg\" class=\"attachment-large size-large wp-image-1073\" alt=\"\" srcset=\"https:\/\/alumniin.com\/wp-content\/uploads\/2025\/07\/Florida.jpg 443w, https:\/\/alumniin.com\/wp-content\/uploads\/2025\/07\/Florida-300x201.jpg 300w\" sizes=\"(max-width: 443px) 100vw, 443px\" \/>\t\t\t\t\t\t\t\t\t\t\t\t\t\t\t<\/div>\n\t\t\t\t<\/div>\n\t\t<div class=\"elementor-element elementor-element-8724b64 e-con-full e-flex e-con e-child\" data-id=\"8724b64\" data-element_type=\"container\" data-e-type=\"container\">\n\t\t\t\t<div class=\"elementor-element elementor-element-6692ef3 elementor-widget elementor-widget-video\" data-id=\"6692ef3\" data-element_type=\"widget\" data-e-type=\"widget\" data-settings=\"{&quot;youtube_url&quot;:&quot;https:\\\/\\\/youtu.be\\\/A8ecpDFBrjo&quot;,&quot;video_type&quot;:&quot;youtube&quot;,&quot;controls&quot;:&quot;yes&quot;}\" data-widget_type=\"video.default\">\n\t\t\t\t\t\t\t<div class=\"elementor-wrapper elementor-open-inline\">\n\t\t\t<div class=\"elementor-video\"><\/div>\t\t<\/div>\n\t\t\t\t\t\t<\/div>\n\t\t\t\t<\/div>\n\t\t\t\t\t<\/div>\n\t\t\t\t<\/div>\n\t\t\t\t<section class=\"elementor-section elementor-top-section elementor-element elementor-element-554a4859 elementor-section-boxed elementor-section-height-default elementor-section-height-default\" data-id=\"554a4859\" data-element_type=\"section\" data-e-type=\"section\" data-settings=\"{&quot;background_background&quot;:&quot;classic&quot;}\">\n\t\t\t\t\t\t<div class=\"elementor-container elementor-column-gap-no\">\n\t\t\t\t\t<div class=\"elementor-column elementor-col-100 elementor-top-column elementor-element elementor-element-5d4f6994\" data-id=\"5d4f6994\" data-element_type=\"column\" data-e-type=\"column\">\n\t\t\t<div class=\"elementor-widget-wrap elementor-element-populated\">\n\t\t\t\t\t\t<section class=\"elementor-section elementor-inner-section elementor-element elementor-element-61fe3c13 elementor-section-boxed elementor-section-height-default elementor-section-height-default\" data-id=\"61fe3c13\" data-element_type=\"section\" data-e-type=\"section\">\n\t\t\t\t\t\t<div class=\"elementor-container elementor-column-gap-default\">\n\t\t\t\t\t<div class=\"elementor-column elementor-col-50 elementor-inner-column elementor-element elementor-element-5a4bc0a1\" data-id=\"5a4bc0a1\" data-element_type=\"column\" data-e-type=\"column\">\n\t\t\t<div class=\"elementor-widget-wrap elementor-element-populated\">\n\t\t\t\t\t\t<div class=\"elementor-element elementor-element-12ff022c elementor-widget elementor-widget-heading\" data-id=\"12ff022c\" data-element_type=\"widget\" data-e-type=\"widget\" data-widget_type=\"heading.default\">\n\t\t\t\t\t<h3 class=\"elementor-heading-title elementor-size-default\">CLIENTES ATENDIDOS &amp; REVISTAS MENTORADAS<\/h3>\t\t\t\t<\/div>\n\t\t\t\t<div class=\"elementor-element elementor-element-234eed38 elementor-widget elementor-widget-text-editor\" data-id=\"234eed38\" data-element_type=\"widget\" data-e-type=\"widget\" data-widget_type=\"text-editor.default\">\n\t\t\t\t\t\t\t\t\t<p><span style=\"font-weight: 400;\">Ao longo dos \u00faltimos anos, a equipe da Editora Alumni IN teve a honra de apoiar, capacitar e mentorar equipes editoriais de diversas institui\u00e7\u00f5es acad\u00eamicas, p\u00fablicas e privadas, comprometidas com a excel\u00eancia editorial, o acesso aberto e o fortalecimento da ci\u00eancia brasileira.<\/span><\/p><p><span style=\"font-weight: 400;\">Nosso trabalho inclui consultorias especializadas, apoio \u00e0 reestrutura\u00e7\u00e3o editorial, mentoria para indexa\u00e7\u00e3o nacional e internacional, ado\u00e7\u00e3o de boas pr\u00e1ticas da COPE, melhorias em processos de submiss\u00e3o e avalia\u00e7\u00e3o por pares, e estrat\u00e9gias de visibilidade.<\/span><\/p>\t\t\t\t\t\t\t\t<\/div>\n\t\t\t\t\t<\/div>\n\t\t<\/div>\n\t\t\t\t<div class=\"elementor-column elementor-col-50 elementor-inner-column elementor-element elementor-element-1306464b\" data-id=\"1306464b\" data-element_type=\"column\" data-e-type=\"column\">\n\t\t\t<div class=\"elementor-widget-wrap elementor-element-populated\">\n\t\t\t\t\t\t<div class=\"elementor-element elementor-element-1635f2ff elementor-widget elementor-widget-image\" data-id=\"1635f2ff\" data-element_type=\"widget\" data-e-type=\"widget\" data-widget_type=\"image.default\">\n\t\t\t\t\t\t\t\t\t\t\t\t\t\t\t<img decoding=\"async\" width=\"800\" height=\"512\" src=\"https:\/\/alumniin.com\/wp-content\/uploads\/2025\/04\/cloister-of-the-university-of-milan-N8MH3V3-1024x655.jpg\" class=\"attachment-large size-large wp-image-35\" alt=\"\" srcset=\"https:\/\/alumniin.com\/wp-content\/uploads\/2025\/04\/cloister-of-the-university-of-milan-N8MH3V3-1024x655.jpg 1024w, https:\/\/alumniin.com\/wp-content\/uploads\/2025\/04\/cloister-of-the-university-of-milan-N8MH3V3-300x192.jpg 300w, https:\/\/alumniin.com\/wp-content\/uploads\/2025\/04\/cloister-of-the-university-of-milan-N8MH3V3-768x491.jpg 768w, https:\/\/alumniin.com\/wp-content\/uploads\/2025\/04\/cloister-of-the-university-of-milan-N8MH3V3.jpg 1511w\" sizes=\"(max-width: 800px) 100vw, 800px\" \/>\t\t\t\t\t\t\t\t\t\t\t\t\t\t\t<\/div>\n\t\t\t\t\t<\/div>\n\t\t<\/div>\n\t\t\t\t\t<\/div>\n\t\t<\/section>\n\t\t\t\t\t<\/div>\n\t\t<\/div>\n\t\t\t\t\t<\/div>\n\t\t<\/section>\n\t\t\t\t<section class=\"elementor-section elementor-top-section elementor-element elementor-element-397485ff elementor-section-boxed elementor-section-height-default elementor-section-height-default\" data-id=\"397485ff\" data-element_type=\"section\" data-e-type=\"section\">\n\t\t\t\t\t\t<div class=\"elementor-container elementor-column-gap-no\">\n\t\t\t\t\t<div class=\"elementor-column elementor-col-100 elementor-top-column elementor-element elementor-element-725ff053\" data-id=\"725ff053\" data-element_type=\"column\" data-e-type=\"column\">\n\t\t\t<div class=\"elementor-widget-wrap elementor-element-populated\">\n\t\t\t\t\t\t<div class=\"elementor-element elementor-element-5ad4829a elementor-invisible elementor-widget elementor-widget-elementskit-heading\" data-id=\"5ad4829a\" data-element_type=\"widget\" data-e-type=\"widget\" data-settings=\"{&quot;_animation&quot;:&quot;fadeInLeft&quot;}\" data-widget_type=\"elementskit-heading.default\">\n\t\t\t\t\t<div class=\"ekit-wid-con\" ><div class=\"ekit-heading elementskit-section-title-wraper text_center   ekit_heading_tablet-   ekit_heading_mobile-\"><h4 class=\"elementskit-section-subtitle  elementskit-style-border\">\n\t\t\t\t\t\tNosso Portf\u00f3lio\n\t\t\t\t\t<\/h4><h2 class=\"ekit-heading--title elementskit-section-title \">CLIENTES E REVISTAS <span><span>J\u00c1 ATENDIDAS<\/span><\/span><\/h2><\/div><\/div>\t\t\t\t<\/div>\n\t\t\t\t<div class=\"elementor-element elementor-element-54a0bc04 elementor-widget-divider--separator-type-pattern elementor-widget-divider--view-line elementor-widget elementor-widget-divider\" data-id=\"54a0bc04\" data-element_type=\"widget\" data-e-type=\"widget\" data-widget_type=\"divider.default\">\n\t\t\t\t\t\t\t<div class=\"elementor-divider\" style=\"--divider-pattern-url: url(&quot;data:image\/svg+xml,%3Csvg xmlns=&#039;http:\/\/www.w3.org\/2000\/svg&#039; preserveAspectRatio=&#039;none&#039; overflow=&#039;visible&#039; height=&#039;100%&#039; viewBox=&#039;0 0 20 16&#039; fill=&#039;none&#039; stroke=&#039;black&#039; stroke-width=&#039;1&#039; stroke-linecap=&#039;square&#039; stroke-miterlimit=&#039;10&#039;%3E%3Cg transform=&#039;translate(-12.000000, 0)&#039;%3E%3Cpath d=&#039;M28,0L10,18&#039;\/%3E%3Cpath d=&#039;M18,0L0,18&#039;\/%3E%3Cpath d=&#039;M48,0L30,18&#039;\/%3E%3Cpath d=&#039;M38,0L20,18&#039;\/%3E%3C\/g%3E%3C\/svg%3E&quot;);\">\n\t\t\t<span class=\"elementor-divider-separator\">\n\t\t\t\t\t\t<\/span>\n\t\t<\/div>\n\t\t\t\t\t\t<\/div>\n\t\t\t\t<div class=\"elementor-element elementor-element-802ec84 elementor-widget elementor-widget-text-editor\" data-id=\"802ec84\" data-element_type=\"widget\" data-e-type=\"widget\" data-widget_type=\"text-editor.default\">\n\t\t\t\t\t\t\t\t\t<ul><li style=\"font-weight: 400;\" aria-level=\"1\"><b>USP \u2013 Universidade de S\u00e3o Paulo<\/b><b><br \/><\/b><span style=\"font-weight: 400;\"> \u2022 Revista REGE<\/span><span style=\"font-weight: 400;\"><br \/><\/span><span style=\"font-weight: 400;\"> \u2022 RAUSP \u2013 Revista de Administra\u00e7\u00e3o da USP<\/span><span style=\"font-weight: 400;\"><br \/><\/span><span style=\"font-weight: 400;\"> \u2022 RAI (antiga) \u2013 Revista de Administra\u00e7\u00e3o e Inova\u00e7\u00e3o<\/span><\/li><li style=\"font-weight: 400;\" aria-level=\"1\"><b>FGV \u2013 Funda\u00e7\u00e3o Getulio Vargas<\/b><b><br \/><\/b><span style=\"font-weight: 400;\"> \u2022 <\/span><i><span style=\"font-weight: 400;\">Cadernos Gest\u00e3o P\u00fablica e Cidadania<\/span><\/i><i><span style=\"font-weight: 400;\"><br \/><\/span><\/i><\/li><li style=\"font-weight: 400;\" aria-level=\"1\"><b>SABESP<\/b><b><br \/><\/b><span style=\"font-weight: 400;\"> \u2022 Revista DAE \u2013 Revista DAE<\/span><\/li><li style=\"font-weight: 400;\" aria-level=\"1\"><b>ANEGEPE \u2013 Associa\u00e7\u00e3o Nacional de Estudos em Empreendedorismo e Gest\u00e3o de Pequenas Empresas<\/b><b><br \/><\/b><span style=\"font-weight: 400;\"> \u2022 Revista REGEPE<\/span><\/li><li style=\"font-weight: 400;\" aria-level=\"1\"><b>Tribunal Superior Eleitoral<\/b><b><br \/><\/b><span style=\"font-weight: 400;\"> \u2022 Resenha Eleitoral<\/span><\/li><li style=\"font-weight: 400;\" aria-level=\"1\"><b>Instituto IGCP \u2013 Governan\u00e7a e Compliance P\u00fablico<\/b><b><br \/><\/b><span style=\"font-weight: 400;\"> \u2022 Revista REGOV<\/span><\/li><li style=\"font-weight: 400;\" aria-level=\"1\"><b>UNIARA \u2013 Universidade de Araraquara<\/b><b><br \/><\/b><span style=\"font-weight: 400;\"> \u2022 Publica\u00e7\u00f5es Cient\u00edficas da UNIARA<\/span><\/li><li style=\"font-weight: 400;\" aria-level=\"1\"><b>ESPM \u2013 Escola Superior de Propaganda e Marketing<\/b><b><br \/><\/b><span style=\"font-weight: 400;\"> \u2022 Internext \u2013 Revista Eletr\u00f4nica de Neg\u00f3cios Internacionais<\/span><span style=\"font-weight: 400;\"><br \/><\/span><span style=\"font-weight: 400;\"> \u2022 Journal of Business &amp; Marketing<\/span><\/li><li style=\"font-weight: 400;\" aria-level=\"1\"><b>UNB \u2013 Universidade de Bras\u00edlia<\/b><b><br \/><\/b><span style=\"font-weight: 400;\"> \u2022 Revista Contabilidade, Gest\u00e3o e Governan\u00e7a<\/span><\/li><li style=\"font-weight: 400;\" aria-level=\"1\"><b>CONPEDI \u2013 Conselho Nacional de Pesquisa e P\u00f3s-Gradua\u00e7\u00e3o em Direito<\/b><b><br \/><\/b><span style=\"font-weight: 400;\"> \u2022 Portal Index Law Journals<\/span><span style=\"font-weight: 400;\"><br \/><\/span><span style=\"font-weight: 400;\"> \u2022 Revista RDB<\/span><\/li><li style=\"font-weight: 400;\" aria-level=\"1\"><b>UNICESUMAR \u2013 Centro Universit\u00e1rio de Maring\u00e1<\/b><b><br \/><\/b><span style=\"font-weight: 400;\"> \u2022 Revista Jur\u00eddica Cesumar \u2013 Mestrado<\/span><\/li><li style=\"font-weight: 400;\" aria-level=\"1\"><b>UNESP \u2013 Universidade Estadual Paulista<\/b><b><br \/><\/b><span style=\"font-weight: 400;\"> \u2022 Revista GEPROS<\/span><\/li><li style=\"font-weight: 400;\" aria-level=\"1\"><b>UNICHRISTUS \u2013 Centro Universit\u00e1rio Christus<\/b><b><br \/><\/b><span style=\"font-weight: 400;\"> \u2022 Revista Opini\u00e3o Jur\u00eddica<\/span><span style=\"font-weight: 400;\"><br \/><\/span><span style=\"font-weight: 400;\"> \u2022 Revista REGEA<\/span><\/li><\/ul><ul><li style=\"list-style-type: none;\"><ul><li style=\"font-weight: 400;\" aria-level=\"1\"><span style=\"font-weight: 400;\">UNIVALI &#8211; REVISTA NOVOS ESTUDOS JURIDICOS<\/span><\/li><li style=\"font-weight: 400;\" aria-level=\"1\"><span style=\"font-weight: 400;\">PUC-SP &#8211; REVISTA &#8211; <\/span><b>Revista Administra\u00e7\u00e3o em Di\u00e1logo &#8211; RAD<\/b><\/li><\/ul><\/li><\/ul>\t\t\t\t\t\t\t\t<\/div>\n\t\t\t\t\t<\/div>\n\t\t<\/div>\n\t\t\t\t\t<\/div>\n\t\t<\/section>\n\t\t\t\t<\/div>\n\t\t","protected":false},"excerpt":{"rendered":"<p>Estenda conosco uma parceria INSTITUI\u00c7\u00d5ES PARCEIRAS \u00a0 Conhe\u00e7a as institui\u00e7\u00f5es parceiras, que fazem parte deste grande ecossistema em favor da educa\u00e7\u00e3o e profissionaliza\u00e7\u00e3o no Brasil e no mundo. A Editora Alumni IN orgulha-se de manter parcerias estrat\u00e9gicas com institui\u00e7\u00f5es de ensino, centros de pesquisa, tribunais, institutos, empresas e academias que compartilham o compromisso com a&#8230;<\/p>\n","protected":false},"author":1,"featured_media":0,"parent":0,"menu_order":0,"comment_status":"closed","ping_status":"closed","template":"elementor_header_footer","meta":{"footnotes":""},"class_list":["post-142","page","type-page","status-publish","hentry"],"_links":{"self":[{"href":"https:\/\/alumniin.com\/inicio\/wp-json\/wp\/v2\/pages\/142","targetHints":{"allow":["GET"]}}],"collection":[{"href":"https:\/\/alumniin.com\/inicio\/wp-json\/wp\/v2\/pages"}],"about":[{"href":"https:\/\/alumniin.com\/inicio\/wp-json\/wp\/v2\/types\/page"}],"author":[{"embeddable":true,"href":"https:\/\/alumniin.com\/inicio\/wp-json\/wp\/v2\/users\/1"}],"replies":[{"embeddable":true,"href":"https:\/\/alumniin.com\/inicio\/wp-json\/wp\/v2\/comments?post=142"}],"version-history":[{"count":97,"href":"https:\/\/alumniin.com\/inicio\/wp-json\/wp\/v2\/pages\/142\/revisions"}],"predecessor-version":[{"id":1087,"href":"https:\/\/alumniin.com\/inicio\/wp-json\/wp\/v2\/pages\/142\/revisions\/1087"}],"wp:attachment":[{"href":"https:\/\/alumniin.com\/inicio\/wp-json\/wp\/v2\/media?parent=142"}],"curies":[{"name":"wp","href":"https:\/\/api.w.org\/{rel}","templated":true}]}}